{"id":204,"date":"2025-02-15T18:38:01","date_gmt":"2025-02-15T18:38:01","guid":{"rendered":"https:\/\/notarioglobal.com\/?page_id=204"},"modified":"2025-05-30T01:23:49","modified_gmt":"2025-05-30T01:23:49","slug":"sobre-nosotros","status":"publish","type":"page","link":"https:\/\/thenotaryglobal.com\/en\/sobre-nosotros\/","title":{"rendered":"About us"},"content":{"rendered":"<div data-elementor-type=\"wp-page\" data-elementor-id=\"204\" class=\"elementor elementor-204\" data-elementor-post-type=\"page\">\n\t\t\t\t<div class=\"elementor-element elementor-element-47aaeb1 e-flex e-con-boxed e-con e-parent\" data-id=\"47aaeb1\" data-element_type=\"container\">\n\t\t\t\t\t<div class=\"e-con-inner\">\n\t\t<div class=\"elementor-element elementor-element-e81e24c e-con-full e-flex e-con e-child\" data-id=\"e81e24c\" data-element_type=\"container\">\n\t\t\t\t<div class=\"elementor-element elementor-element-574f0ed elementor-widget elementor-widget-image\" data-id=\"574f0ed\" data-element_type=\"widget\" data-widget_type=\"image.default\">\n\t\t\t\t<div class=\"elementor-widget-container\">\n\t\t\t\t\t\t\t\t\t\t\t\t\t\t\t<img fetchpriority=\"high\" decoding=\"async\" width=\"800\" height=\"533\" src=\"https:\/\/thenotaryglobal.com\/wp-content\/uploads\/2025\/05\/R.jpg\" class=\"attachment-large size-large wp-image-331\" alt=\"\" srcset=\"https:\/\/thenotaryglobal.com\/wp-content\/uploads\/2025\/05\/R.jpg 1024w, https:\/\/thenotaryglobal.com\/wp-content\/uploads\/2025\/05\/R-300x200.jpg 300w, https:\/\/thenotaryglobal.com\/wp-content\/uploads\/2025\/05\/R-768x512.jpg 768w, https:\/\/thenotaryglobal.com\/wp-content\/uploads\/2025\/05\/R-18x12.jpg 18w\" sizes=\"(max-width: 800px) 100vw, 800px\" \/>\t\t\t\t\t\t\t\t\t\t\t\t\t\t\t<\/div>\n\t\t\t\t<\/div>\n\t\t\t\t<\/div>\n\t\t<div class=\"elementor-element elementor-element-dd2a27a e-con-full e-flex e-con e-child\" data-id=\"dd2a27a\" data-element_type=\"container\">\n\t\t\t\t<div class=\"elementor-element elementor-element-99f283a elementor-widget elementor-widget-heading\" data-id=\"99f283a\" data-element_type=\"widget\" data-widget_type=\"heading.default\">\n\t\t\t\t<div class=\"elementor-widget-container\">\n\t\t\t\t\t<h2 class=\"elementor-heading-title elementor-size-default\">Committed to your Peace of Mind and Confidence<\/h2>\t\t\t\t<\/div>\n\t\t\t\t<\/div>\n\t\t\t\t<div class=\"elementor-element elementor-element-4c4dd7d elementor-widget elementor-widget-text-editor\" data-id=\"4c4dd7d\" data-element_type=\"widget\" data-widget_type=\"text-editor.default\">\n\t\t\t\t<div class=\"elementor-widget-container\">\n\t\t\t\t\t\t\t\t\t<p data-start=\"248\" data-end=\"494\" class=\" translation-block\">At Notary Global, We understand that your documents are an essential part of your personal, professional and family life. Our purpose is to offer you a reliable, fast and transparent service so that your paperwork is always in good hands.<\/p><p data-start=\"496\" data-end=\"745\">We have years of experience and a highly trained team focused on precision and attention to detail. From the first consultation to the final delivery, we are with you every step of the way, ensuring a clear and smooth process.<\/p><p data-start=\"747\" data-end=\"820\">Trust us. Your peace of mind and satisfaction are our priority.<\/p>\t\t\t\t\t\t\t\t<\/div>\n\t\t\t\t<\/div>\n\t\t\t\t<\/div>\n\t\t\t\t\t<\/div>\n\t\t\t\t<\/div>\n\t\t<div class=\"elementor-element elementor-element-2477193 e-flex e-con-boxed e-con e-parent\" data-id=\"2477193\" data-element_type=\"container\">\n\t\t\t\t\t<div class=\"e-con-inner\">\n\t\t<div class=\"elementor-element elementor-element-834c053 e-con-full e-flex e-con e-child\" data-id=\"834c053\" data-element_type=\"container\">\n\t\t<div class=\"elementor-element elementor-element-51cfe36 e-con-full e-flex e-con e-child\" data-id=\"51cfe36\" data-element_type=\"container\">\n\t\t\t\t<div class=\"elementor-element elementor-element-c026b8b elementor-widget elementor-widget-heading\" data-id=\"c026b8b\" data-element_type=\"widget\" data-widget_type=\"heading.default\">\n\t\t\t\t<div class=\"elementor-widget-container\">\n\t\t\t\t\t<h2 class=\"elementor-heading-title elementor-size-default\">We are backed by the State of Florida<\/h2>\t\t\t\t<\/div>\n\t\t\t\t<\/div>\n\t\t\t\t<div class=\"elementor-element elementor-element-1249165 elementor-widget elementor-widget-text-editor\" data-id=\"1249165\" data-element_type=\"widget\" data-widget_type=\"text-editor.default\">\n\t\t\t\t<div class=\"elementor-widget-container\">\n\t\t\t\t\t\t\t\t\t<p>All the procedures you perform through thenotaryglobal.com are endorsed by the State of Florida and the entire country.<\/p>\t\t\t\t\t\t\t\t<\/div>\n\t\t\t\t<\/div>\n\t\t\t\t<\/div>\n\t\t<div class=\"elementor-element elementor-element-de5ef58 e-con-full e-flex e-con e-child\" data-id=\"de5ef58\" data-element_type=\"container\">\n\t\t\t\t<div class=\"elementor-element elementor-element-4a22154 elementor-widget elementor-widget-image\" data-id=\"4a22154\" data-element_type=\"widget\" data-widget_type=\"image.default\">\n\t\t\t\t<div class=\"elementor-widget-container\">\n\t\t\t\t\t\t\t\t\t\t\t\t\t\t\t<img decoding=\"async\" width=\"800\" height=\"800\" src=\"https:\/\/thenotaryglobal.com\/wp-content\/uploads\/2025\/02\/Seal_of_Florida.svg-1024x1024.png\" class=\"attachment-large size-large wp-image-177\" alt=\"\" srcset=\"https:\/\/thenotaryglobal.com\/wp-content\/uploads\/2025\/02\/Seal_of_Florida.svg-1024x1024.png 1024w, https:\/\/thenotaryglobal.com\/wp-content\/uploads\/2025\/02\/Seal_of_Florida.svg-300x300.png 300w, https:\/\/thenotaryglobal.com\/wp-content\/uploads\/2025\/02\/Seal_of_Florida.svg-150x150.png 150w, https:\/\/thenotaryglobal.com\/wp-content\/uploads\/2025\/02\/Seal_of_Florida.svg-768x768.png 768w, https:\/\/thenotaryglobal.com\/wp-content\/uploads\/2025\/02\/Seal_of_Florida.svg.png 1200w\" sizes=\"(max-width: 800px) 100vw, 800px\" \/>\t\t\t\t\t\t\t\t\t\t\t\t\t\t\t<\/div>\n\t\t\t\t<\/div>\n\t\t\t\t<div class=\"elementor-element elementor-element-0f4001d elementor-widget elementor-widget-image\" data-id=\"0f4001d\" data-element_type=\"widget\" data-widget_type=\"image.default\">\n\t\t\t\t<div class=\"elementor-widget-container\">\n\t\t\t\t\t\t\t\t\t\t\t\t\t\t\t<img decoding=\"async\" width=\"200\" height=\"200\" src=\"https:\/\/thenotaryglobal.com\/wp-content\/uploads\/2025\/02\/bonded-fns.png\" class=\"attachment-large size-large wp-image-176\" alt=\"\" srcset=\"https:\/\/thenotaryglobal.com\/wp-content\/uploads\/2025\/02\/bonded-fns.png 200w, https:\/\/thenotaryglobal.com\/wp-content\/uploads\/2025\/02\/bonded-fns-150x150.png 150w\" sizes=\"(max-width: 200px) 100vw, 200px\" \/>\t\t\t\t\t\t\t\t\t\t\t\t\t\t\t<\/div>\n\t\t\t\t<\/div>\n\t\t\t\t<\/div>\n\t\t\t\t<\/div>\n\t\t\t\t\t<\/div>\n\t\t\t\t<\/div>\n\t\t<div class=\"elementor-element elementor-element-ae2f236 elementor-hidden-desktop elementor-hidden-tablet elementor-hidden-mobile e-flex e-con-boxed e-con e-parent\" data-id=\"ae2f236\" data-element_type=\"container\">\n\t\t\t\t\t<div class=\"e-con-inner\">\n\t\t\t\t<div class=\"elementor-element elementor-element-b95a94e elementor-widget elementor-widget-heading\" data-id=\"b95a94e\" data-element_type=\"widget\" data-widget_type=\"heading.default\">\n\t\t\t\t<div class=\"elementor-widget-container\">\n\t\t\t\t\t<h2 class=\"elementor-heading-title elementor-size-default\">| Meet Sergio Mora: Leading with Confidence and Commitment<\/h2>\t\t\t\t<\/div>\n\t\t\t\t<\/div>\n\t\t<div class=\"elementor-element elementor-element-cd51bea e-con-full e-flex e-con e-child\" data-id=\"cd51bea\" data-element_type=\"container\">\n\t\t<div class=\"elementor-element elementor-element-31ee020 e-con-full e-flex e-con e-child\" data-id=\"31ee020\" data-element_type=\"container\">\n\t\t\t\t<div class=\"elementor-element elementor-element-368886d elementor-widget elementor-widget-image\" data-id=\"368886d\" data-element_type=\"widget\" data-widget_type=\"image.default\">\n\t\t\t\t<div class=\"elementor-widget-container\">\n\t\t\t\t\t\t\t\t\t\t\t\t\t\t\t<img loading=\"lazy\" decoding=\"async\" width=\"800\" height=\"800\" src=\"https:\/\/thenotaryglobal.com\/wp-content\/uploads\/2025\/02\/1696038312273-Photoroom.png\" class=\"attachment-large size-large wp-image-239\" alt=\"\" srcset=\"https:\/\/thenotaryglobal.com\/wp-content\/uploads\/2025\/02\/1696038312273-Photoroom.png 800w, https:\/\/thenotaryglobal.com\/wp-content\/uploads\/2025\/02\/1696038312273-Photoroom-300x300.png 300w, https:\/\/thenotaryglobal.com\/wp-content\/uploads\/2025\/02\/1696038312273-Photoroom-150x150.png 150w, https:\/\/thenotaryglobal.com\/wp-content\/uploads\/2025\/02\/1696038312273-Photoroom-768x768.png 768w\" sizes=\"(max-width: 800px) 100vw, 800px\" \/>\t\t\t\t\t\t\t\t\t\t\t\t\t\t\t<\/div>\n\t\t\t\t<\/div>\n\t\t\t\t<\/div>\n\t\t<div class=\"elementor-element elementor-element-b6993d9 e-con-full e-flex e-con e-child\" data-id=\"b6993d9\" data-element_type=\"container\">\n\t\t\t\t<div class=\"elementor-element elementor-element-5ff5c15 elementor-widget elementor-widget-heading\" data-id=\"5ff5c15\" data-element_type=\"widget\" data-widget_type=\"heading.default\">\n\t\t\t\t<div class=\"elementor-widget-container\">\n\t\t\t\t\t<h3 class=\"elementor-heading-title elementor-size-default\">A Vision of Legal Security at the Service of All<\/h3>\t\t\t\t<\/div>\n\t\t\t\t<\/div>\n\t\t\t\t<div class=\"elementor-element elementor-element-c7381e7 elementor-widget elementor-widget-text-editor\" data-id=\"c7381e7\" data-element_type=\"widget\" data-widget_type=\"text-editor.default\">\n\t\t\t\t<div class=\"elementor-widget-container\">\n\t\t\t\t\t\t\t\t\t<p>Sergio Mora, founder and CEO of Notario Global, has dedicated his career to offering notarial solutions that prioritize the trust and peace of mind of his clients. With over 5 years of experience in the legal sector, Sergio leads with the conviction that every document that passes through our hands must be treated with the highest level of professionalism and security.<\/p><p>His vision is simple: to provide a fast, reliable and accessible service to all. Under his leadership, Notario Global has become a trusted reference in the notarial world, always committed to the satisfaction and well-being of our clients.<\/p>\t\t\t\t\t\t\t\t<\/div>\n\t\t\t\t<\/div>\n\t\t\t\t<div class=\"elementor-element elementor-element-727db79 elementor-icon-list--layout-traditional elementor-list-item-link-full_width elementor-widget elementor-widget-icon-list\" data-id=\"727db79\" data-element_type=\"widget\" data-widget_type=\"icon-list.default\">\n\t\t\t\t<div class=\"elementor-widget-container\">\n\t\t\t\t\t\t\t<ul class=\"elementor-icon-list-items\">\n\t\t\t\t\t\t\t<li class=\"elementor-icon-list-item\">\n\t\t\t\t\t\t\t\t\t\t\t<a href=\"https:\/\/www.linkedin.com\/in\/sergio-mora-11924b57?utm_source=share&#038;utm_campaign=share_via&#038;utm_content=profile&#038;utm_medium=ios_app\">\n\n\t\t\t\t\t\t\t\t\t\t\t\t<span class=\"elementor-icon-list-icon\">\n\t\t\t\t\t\t\t<svg aria-hidden=\"true\" class=\"e-font-icon-svg e-fab-linkedin\" viewbox=\"0 0 448 512\" xmlns=\"http:\/\/www.w3.org\/2000\/svg\"><path d=\"M416 32H31.9C14.3 32 0 46.5 0 64.3v383.4C0 465.5 14.3 480 31.9 480H416c17.6 0 32-14.5 32-32.3V64.3c0-17.8-14.4-32.3-32-32.3zM135.4 416H69V202.2h66.5V416zm-33.2-243c-21.3 0-38.5-17.3-38.5-38.5S80.9 96 102.2 96c21.2 0 38.5 17.3 38.5 38.5 0 21.3-17.2 38.5-38.5 38.5zm282.1 243h-66.4V312c0-24.8-.5-56.7-34.5-56.7-34.6 0-39.9 27-39.9 54.9V416h-66.4V202.2h63.7v29.2h.9c8.9-16.8 30.6-34.5 62.9-34.5 67.2 0 79.7 44.3 79.7 101.9V416z\"><\/path><\/svg>\t\t\t\t\t\t<\/span>\n\t\t\t\t\t\t\t\t\t\t<span class=\"elementor-icon-list-text\"><u>View on LinkedIng<\/u><\/span>\n\t\t\t\t\t\t\t\t\t\t\t<\/a>\n\t\t\t\t\t\t\t\t\t<\/li>\n\t\t\t\t\t\t<\/ul>\n\t\t\t\t\t\t<\/div>\n\t\t\t\t<\/div>\n\t\t\t\t<\/div>\n\t\t\t\t<\/div>\n\t\t\t\t\t<\/div>\n\t\t\t\t<\/div>\n\t\t\t\t<\/div>","protected":false},"excerpt":{"rendered":"<p>At Notary Global, we understand that your documents are an essential part of your personal, professional and family life. Our purpose is to offer you a reliable, fast and transparent service so that your paperwork is always in good hands. We have years of experience and a highly trained team, focused on the [...]<\/p>","protected":false},"author":1,"featured_media":0,"parent":0,"menu_order":0,"comment_status":"closed","ping_status":"closed","template":"","meta":{"footnotes":""},"class_list":["post-204","page","type-page","status-publish","hentry"],"yoast_head":"<!-- This site is optimized with the Yoast SEO plugin v25.3 - https:\/\/yoast.com\/wordpress\/plugins\/seo\/ -->\n<title>Sobre nosotros - Notary Global<\/title>\n<meta name=\"robots\" content=\"index, follow, max-snippet:-1, max-image-preview:large, max-video-preview:-1\" \/>\n<link rel=\"canonical\" href=\"https:\/\/thenotaryglobal.com\/en\/sobre-nosotros\/\" \/>\n<meta property=\"og:locale\" content=\"en_US\" \/>\n<meta property=\"og:type\" content=\"article\" \/>\n<meta property=\"og:title\" content=\"Sobre nosotros - Notary Global\" \/>\n<meta property=\"og:description\" content=\"Comprometidos con tu Tranquilidad y Confianza En Notary Global, entendemos que tus documentos son parte esencial de tu vida personal, profesional y familiar. Nuestro prop\u00f3sito es ofrecerte un servicio confiable, r\u00e1pido y transparente para que tus tr\u00e1mites est\u00e9n siempre en buenas manos. Contamos con a\u00f1os de experiencia y un equipo altamente capacitado, enfocado en la [&hellip;]\" \/>\n<meta property=\"og:url\" content=\"https:\/\/thenotaryglobal.com\/en\/sobre-nosotros\/\" \/>\n<meta property=\"og:site_name\" content=\"Notary Global\" \/>\n<meta property=\"article:publisher\" content=\"https:\/\/www.facebook.com\/share\/1C5R9kzfnw\/?mibextid=wwXIfr\" \/>\n<meta property=\"article:modified_time\" content=\"2025-05-30T01:23:49+00:00\" \/>\n<meta property=\"og:image\" content=\"https:\/\/thenotaryglobal.com\/wp-content\/uploads\/2025\/05\/R.jpg\" \/>\n\t<meta property=\"og:image:width\" content=\"1024\" \/>\n\t<meta property=\"og:image:height\" content=\"682\" \/>\n\t<meta property=\"og:image:type\" content=\"image\/jpeg\" \/>\n<meta name=\"twitter:card\" content=\"summary_large_image\" \/>\n<meta name=\"twitter:site\" content=\"@thenotaryglobal\" \/>\n<meta name=\"twitter:label1\" content=\"Est. reading time\" \/>\n\t<meta name=\"twitter:data1\" content=\"1 minute\" \/>\n<script type=\"application\/ld+json\" class=\"yoast-schema-graph\">{\"@context\":\"https:\/\/schema.org\",\"@graph\":[{\"@type\":\"WebPage\",\"@id\":\"https:\/\/thenotaryglobal.com\/sobre-nosotros\/\",\"url\":\"https:\/\/thenotaryglobal.com\/sobre-nosotros\/\",\"name\":\"Sobre nosotros - Notary Global\",\"isPartOf\":{\"@id\":\"https:\/\/thenotaryglobal.com\/#website\"},\"primaryImageOfPage\":{\"@id\":\"https:\/\/thenotaryglobal.com\/sobre-nosotros\/#primaryimage\"},\"image\":{\"@id\":\"https:\/\/thenotaryglobal.com\/sobre-nosotros\/#primaryimage\"},\"thumbnailUrl\":\"https:\/\/thenotaryglobal.com\/wp-content\/uploads\/2025\/05\/R.jpg\",\"datePublished\":\"2025-02-15T18:38:01+00:00\",\"dateModified\":\"2025-05-30T01:23:49+00:00\",\"breadcrumb\":{\"@id\":\"https:\/\/thenotaryglobal.com\/sobre-nosotros\/#breadcrumb\"},\"inLanguage\":\"en-US\",\"potentialAction\":[{\"@type\":\"ReadAction\",\"target\":[\"https:\/\/thenotaryglobal.com\/sobre-nosotros\/\"]}]},{\"@type\":\"ImageObject\",\"inLanguage\":\"en-US\",\"@id\":\"https:\/\/thenotaryglobal.com\/sobre-nosotros\/#primaryimage\",\"url\":\"https:\/\/thenotaryglobal.com\/wp-content\/uploads\/2025\/05\/R.jpg\",\"contentUrl\":\"https:\/\/thenotaryglobal.com\/wp-content\/uploads\/2025\/05\/R.jpg\"},{\"@type\":\"BreadcrumbList\",\"@id\":\"https:\/\/thenotaryglobal.com\/sobre-nosotros\/#breadcrumb\",\"itemListElement\":[{\"@type\":\"ListItem\",\"position\":1,\"name\":\"Portada\",\"item\":\"https:\/\/thenotaryglobal.com\/\"},{\"@type\":\"ListItem\",\"position\":2,\"name\":\"Sobre nosotros\"}]},{\"@type\":\"WebSite\",\"@id\":\"https:\/\/thenotaryglobal.com\/#website\",\"url\":\"https:\/\/thenotaryglobal.com\/\",\"name\":\"Notary Global\",\"description\":\"Servicios notariales online\",\"publisher\":{\"@id\":\"https:\/\/thenotaryglobal.com\/#organization\"},\"potentialAction\":[{\"@type\":\"SearchAction\",\"target\":{\"@type\":\"EntryPoint\",\"urlTemplate\":\"https:\/\/thenotaryglobal.com\/?s={search_term_string}\"},\"query-input\":{\"@type\":\"PropertyValueSpecification\",\"valueRequired\":true,\"valueName\":\"search_term_string\"}}],\"inLanguage\":\"en-US\"},{\"@type\":\"Organization\",\"@id\":\"https:\/\/thenotaryglobal.com\/#organization\",\"name\":\"Notary Global\",\"url\":\"https:\/\/thenotaryglobal.com\/\",\"logo\":{\"@type\":\"ImageObject\",\"inLanguage\":\"en-US\",\"@id\":\"https:\/\/thenotaryglobal.com\/#\/schema\/logo\/image\/\",\"url\":\"https:\/\/thenotaryglobal.com\/wp-content\/uploads\/2025\/02\/NotarioGlobal-Isotipo-FullColor.png\",\"contentUrl\":\"https:\/\/thenotaryglobal.com\/wp-content\/uploads\/2025\/02\/NotarioGlobal-Isotipo-FullColor.png\",\"width\":142,\"height\":139,\"caption\":\"Notary Global\"},\"image\":{\"@id\":\"https:\/\/thenotaryglobal.com\/#\/schema\/logo\/image\/\"},\"sameAs\":[\"https:\/\/www.facebook.com\/share\/1C5R9kzfnw\/?mibextid=wwXIfr\",\"https:\/\/x.com\/thenotaryglobal\"]}]}<\/script>\n<!-- \/ Yoast SEO plugin. -->","yoast_head_json":{"title":"Sobre nosotros - Notary Global","robots":{"index":"index","follow":"follow","max-snippet":"max-snippet:-1","max-image-preview":"max-image-preview:large","max-video-preview":"max-video-preview:-1"},"canonical":"https:\/\/thenotaryglobal.com\/en\/sobre-nosotros\/","og_locale":"en_US","og_type":"article","og_title":"Sobre nosotros - Notary Global","og_description":"Comprometidos con tu Tranquilidad y Confianza En Notary Global, entendemos que tus documentos son parte esencial de tu vida personal, profesional y familiar. Nuestro prop\u00f3sito es ofrecerte un servicio confiable, r\u00e1pido y transparente para que tus tr\u00e1mites est\u00e9n siempre en buenas manos. Contamos con a\u00f1os de experiencia y un equipo altamente capacitado, enfocado en la [&hellip;]","og_url":"https:\/\/thenotaryglobal.com\/en\/sobre-nosotros\/","og_site_name":"Notary Global","article_publisher":"https:\/\/www.facebook.com\/share\/1C5R9kzfnw\/?mibextid=wwXIfr","article_modified_time":"2025-05-30T01:23:49+00:00","og_image":[{"width":1024,"height":682,"url":"https:\/\/thenotaryglobal.com\/wp-content\/uploads\/2025\/05\/R.jpg","type":"image\/jpeg"}],"twitter_card":"summary_large_image","twitter_site":"@thenotaryglobal","twitter_misc":{"Est. reading time":"1 minute"},"schema":{"@context":"https:\/\/schema.org","@graph":[{"@type":"WebPage","@id":"https:\/\/thenotaryglobal.com\/sobre-nosotros\/","url":"https:\/\/thenotaryglobal.com\/sobre-nosotros\/","name":"Sobre nosotros - Notary Global","isPartOf":{"@id":"https:\/\/thenotaryglobal.com\/#website"},"primaryImageOfPage":{"@id":"https:\/\/thenotaryglobal.com\/sobre-nosotros\/#primaryimage"},"image":{"@id":"https:\/\/thenotaryglobal.com\/sobre-nosotros\/#primaryimage"},"thumbnailUrl":"https:\/\/thenotaryglobal.com\/wp-content\/uploads\/2025\/05\/R.jpg","datePublished":"2025-02-15T18:38:01+00:00","dateModified":"2025-05-30T01:23:49+00:00","breadcrumb":{"@id":"https:\/\/thenotaryglobal.com\/sobre-nosotros\/#breadcrumb"},"inLanguage":"en-US","potentialAction":[{"@type":"ReadAction","target":["https:\/\/thenotaryglobal.com\/sobre-nosotros\/"]}]},{"@type":"ImageObject","inLanguage":"en-US","@id":"https:\/\/thenotaryglobal.com\/sobre-nosotros\/#primaryimage","url":"https:\/\/thenotaryglobal.com\/wp-content\/uploads\/2025\/05\/R.jpg","contentUrl":"https:\/\/thenotaryglobal.com\/wp-content\/uploads\/2025\/05\/R.jpg"},{"@type":"BreadcrumbList","@id":"https:\/\/thenotaryglobal.com\/sobre-nosotros\/#breadcrumb","itemListElement":[{"@type":"ListItem","position":1,"name":"Portada","item":"https:\/\/thenotaryglobal.com\/"},{"@type":"ListItem","position":2,"name":"Sobre nosotros"}]},{"@type":"WebSite","@id":"https:\/\/thenotaryglobal.com\/#website","url":"https:\/\/thenotaryglobal.com\/","name":"Notary Global","description":"Servicios notariales online","publisher":{"@id":"https:\/\/thenotaryglobal.com\/#organization"},"potentialAction":[{"@type":"SearchAction","target":{"@type":"EntryPoint","urlTemplate":"https:\/\/thenotaryglobal.com\/?s={search_term_string}"},"query-input":{"@type":"PropertyValueSpecification","valueRequired":true,"valueName":"search_term_string"}}],"inLanguage":"en-US"},{"@type":"Organization","@id":"https:\/\/thenotaryglobal.com\/#organization","name":"Notary Global","url":"https:\/\/thenotaryglobal.com\/","logo":{"@type":"ImageObject","inLanguage":"en-US","@id":"https:\/\/thenotaryglobal.com\/#\/schema\/logo\/image\/","url":"https:\/\/thenotaryglobal.com\/wp-content\/uploads\/2025\/02\/NotarioGlobal-Isotipo-FullColor.png","contentUrl":"https:\/\/thenotaryglobal.com\/wp-content\/uploads\/2025\/02\/NotarioGlobal-Isotipo-FullColor.png","width":142,"height":139,"caption":"Notary Global"},"image":{"@id":"https:\/\/thenotaryglobal.com\/#\/schema\/logo\/image\/"},"sameAs":["https:\/\/www.facebook.com\/share\/1C5R9kzfnw\/?mibextid=wwXIfr","https:\/\/x.com\/thenotaryglobal"]}]}},"_links":{"self":[{"href":"https:\/\/thenotaryglobal.com\/en\/wp-json\/wp\/v2\/pages\/204","targetHints":{"allow":["GET"]}}],"collection":[{"href":"https:\/\/thenotaryglobal.com\/en\/wp-json\/wp\/v2\/pages"}],"about":[{"href":"https:\/\/thenotaryglobal.com\/en\/wp-json\/wp\/v2\/types\/page"}],"author":[{"embeddable":true,"href":"https:\/\/thenotaryglobal.com\/en\/wp-json\/wp\/v2\/users\/1"}],"replies":[{"embeddable":true,"href":"https:\/\/thenotaryglobal.com\/en\/wp-json\/wp\/v2\/comments?post=204"}],"version-history":[{"count":25,"href":"https:\/\/thenotaryglobal.com\/en\/wp-json\/wp\/v2\/pages\/204\/revisions"}],"predecessor-version":[{"id":334,"href":"https:\/\/thenotaryglobal.com\/en\/wp-json\/wp\/v2\/pages\/204\/revisions\/334"}],"wp:attachment":[{"href":"https:\/\/thenotaryglobal.com\/en\/wp-json\/wp\/v2\/media?parent=204"}],"curies":[{"name":"wp","href":"https:\/\/api.w.org\/{rel}","templated":true}]}}