{"id":3,"date":"2025-02-11T13:42:15","date_gmt":"2025-02-11T13:42:15","guid":{"rendered":"https:\/\/notarioglobal.com\/?page_id=3"},"modified":"2025-05-30T01:31:11","modified_gmt":"2025-05-30T01:31:11","slug":"privacy-policy","status":"publish","type":"page","link":"https:\/\/thenotaryglobal.com\/en\/privacy-policy\/","title":{"rendered":"Privacy Policy"},"content":{"rendered":"<div data-elementor-type=\"wp-page\" data-elementor-id=\"3\" class=\"elementor elementor-3\" data-elementor-post-type=\"page\">\n\t\t\t\t<div class=\"elementor-element elementor-element-10523b2e e-flex e-con-boxed e-con e-parent\" data-id=\"10523b2e\" data-element_type=\"container\">\n\t\t\t\t\t<div class=\"e-con-inner\">\n\t\t\t\t<div class=\"elementor-element elementor-element-7df40fe0 elementor-widget elementor-widget-text-editor\" data-id=\"7df40fe0\" data-element_type=\"widget\" data-widget_type=\"text-editor.default\">\n\t\t\t\t<div class=\"elementor-widget-container\">\n\t\t\t\t\t\t\t\t\t\n<h2 class=\"wp-block-heading\" data-start=\"144\" data-end=\"170\">PRIVACY POLICIES<\/h2>\n<p data-start=\"172\" data-end=\"352\">This Privacy Policy sets forth the terms on which <strong data-start=\"237\" data-end=\"254\">Notary Global<\/strong> protects the information that is provided by its users at the time of using its website.<\/p>\n<p data-start=\"354\" data-end=\"502\">This Privacy Policy applies to all group entities. <strong data-start=\"424\" data-end=\"441\">Notary Global<\/strong>(hereinafter referred to as \"<strong data-start=\"458\" data-end=\"475\">Notary Global<\/strong>\", \"we\", \"us\" or \"our\").<\/p>\n<p data-start=\"504\" data-end=\"992\">This company is committed to the security of its users' data. When we ask you to fill in personal information fields with which you can be identified, we do so with the assurance that it will only be used in accordance with the terms of this document. However, this Privacy Policy may change over time or be updated, so we recommend and emphasize that you continually review this page to ensure that you agree to any such changes.<\/p>\n<h3 data-start=\"994\" data-end=\"1028\">1. Information that is collected<\/h3>\n<p data-start=\"1030\" data-end=\"1389\">Our website may collect information that you voluntarily provide, for example: name, contact information such as your phone number, email, and demographic information. Also, when necessary, specific information may be required to process a service. At no time will sensitive information about you be collected.<\/p>\n<h3 data-start=\"1391\" data-end=\"1428\">2. Use of the information collected<\/h3>\n<p data-start=\"1430\" data-end=\"2010\">Our website uses the information in order to provide the best possible service, particularly to keep track of users, to keep track of requests where applicable, and to improve our services. We may periodically send e-mails through our site with special offers, new products and other marketing information that we think may be relevant to you or may be of benefit to you. These emails will be sent to the address you provide and may be unsubscribed from at any time.<\/p>\n<p data-start=\"2012\" data-end=\"2389\"><strong data-start=\"2012\" data-end=\"2029\">Notary Global<\/strong> is highly committed to keeping your information secure. We use the most advanced systems and constantly update them to ensure that there is no unauthorized access. Under no circumstances <strong data-start=\"2250\" data-end=\"2267\">Notary Global<\/strong> use the data to share or sell user information to third parties and\/or affiliates for their own benefit.<\/p>\n<h3 data-start=\"2391\" data-end=\"2405\">3. Cookies<\/h3>\n<p data-start=\"2407\" data-end=\"2862\">A cookie refers to a file that is sent with the purpose of requesting permission to be stored on your computer. By accepting such a file, it is created and the cookie then serves to have information regarding web traffic, and also facilitates future visits to a recurring website. Another function that the cookies have is that with them the webs can recognize you individually and, therefore, offer you the best personalized service of your web.<\/p>\n<p data-start=\"2864\" data-end=\"3711\">Our website uses cookies to identify which pages are visited and their frequency. This information is used only for statistical analysis and then the information is permanently deleted. You can delete cookies at any time from your computer. However, cookies help to provide a better service of the websites. They do not give access to information about your computer or you, unless you choose to provide it directly. You can accept or deny the use of cookies, however, most browsers automatically accept cookies, as they serve to provide a better web service. Also, you can change the configuration of your computer to decline cookies. If you decline cookies, you may not be able to use some of our services.<\/p>\n<h3 data-start=\"3713\" data-end=\"3738\">4. Links to Third Parties<\/h3>\n<p data-start=\"3740\" data-end=\"4252\">This website may contain links to other sites that may be of interest to you. Once you click on these links and leave our site, we no longer have control over the site to which you are redirected and, therefore, we are not responsible for the terms or privacy or data protection of those other third party sites. Those sites are subject to their own privacy policies and we recommend that you check with them to confirm that you agree with them.<\/p>\n<h3 data-start=\"4254\" data-end=\"4295\">5. Control of your personal information<\/h3>\n<p data-start=\"4297\" data-end=\"4893\">At any time you may restrict the collection or use of personal information that is provided to our website. Whenever you are asked to fill out a form, such as a user registration form, you can check or uncheck the option to receive information by e-mail. In case you have checked the option to receive our newsletter or advertising, you can cancel it at any time. This company will not sell, give away or distribute the personal information that is collected without your consent, unless required by a judge with a court order.<\/p>\n<h3 data-start=\"4895\" data-end=\"4917\">6. Minors<\/h3>\n<p data-start=\"4919\" data-end=\"5140\">This website does not intend to collect personal information from minors, so it will be indicated not to provide any information without the consent of their parents, guardians or legal representatives.<\/p>\n<h3 data-start=\"5142\" data-end=\"5163\">7. External Links<\/h3>\n<p data-start=\"5165\" data-end=\"5369\">This web site may contain links to and from other sites on the Internet. <strong data-start=\"5252\" data-end=\"5269\">Notary Global<\/strong> is not responsible for the privacy policies or treatment of information of those sites.<\/p>\n<h3 data-start=\"5371\" data-end=\"5415\">8. Changes to this Privacy Notice<\/h3>\n<p data-start=\"5417\" data-end=\"5669\"><strong data-start=\"5417\" data-end=\"5434\">Notary Global<\/strong> reserves the right to change the terms of this Privacy Policy at any time. The user is under the duty to review this section regularly in order to be informed of any changes made.<\/p>\t\t\t\t\t\t\t\t<\/div>\n\t\t\t\t<\/div>\n\t\t\t\t\t<\/div>\n\t\t\t\t<\/div>\n\t\t\t\t<\/div>","protected":false},"excerpt":{"rendered":"<p>PRIVACY POLICY This Privacy Policy sets out the terms on which Notary Global protects the information that is provided by its users when using its website. This Privacy Policy applies to all entities of the Notary Global group, (hereinafter \"Notary Global\", \"we\", \"us\", \"our\" or \"us\"). This company is [...]<\/p>","protected":false},"author":1,"featured_media":0,"parent":0,"menu_order":0,"comment_status":"closed","ping_status":"open","template":"","meta":{"footnotes":""},"class_list":["post-3","page","type-page","status-publish","hentry"],"yoast_head":"<!-- This site is optimized with the Yoast SEO plugin v25.3 - https:\/\/yoast.com\/wordpress\/plugins\/seo\/ -->\n<title>Privacy Policy - Notary Global<\/title>\n<meta name=\"robots\" content=\"index, follow, max-snippet:-1, max-image-preview:large, max-video-preview:-1\" \/>\n<link rel=\"canonical\" href=\"https:\/\/thenotaryglobal.com\/en\/privacy-policy\/\" \/>\n<meta property=\"og:locale\" content=\"en_US\" \/>\n<meta property=\"og:type\" content=\"article\" \/>\n<meta property=\"og:title\" content=\"Privacy Policy - Notary Global\" \/>\n<meta property=\"og:description\" content=\"POL\u00cdTICAS DE PRIVACIDAD La presente Pol\u00edtica de Privacidad establece los t\u00e9rminos en que Notary Global protege la informaci\u00f3n que es proporcionada por sus usuarios al momento de utilizar su sitio web. Esta Pol\u00edtica de Privacidad se aplica a todas las entidades del grupo Notary Global, (en adelante, \u00abNotary Global\u00ab, \u00abnosotros\u00bb o \u00abnuestra\u00bb). Esta empresa est\u00e1 [&hellip;]\" \/>\n<meta property=\"og:url\" content=\"https:\/\/thenotaryglobal.com\/en\/privacy-policy\/\" \/>\n<meta property=\"og:site_name\" content=\"Notary Global\" \/>\n<meta property=\"article:publisher\" content=\"https:\/\/www.facebook.com\/share\/1C5R9kzfnw\/?mibextid=wwXIfr\" \/>\n<meta property=\"article:modified_time\" content=\"2025-05-30T01:31:11+00:00\" \/>\n<meta name=\"twitter:card\" content=\"summary_large_image\" \/>\n<meta name=\"twitter:site\" content=\"@thenotaryglobal\" \/>\n<meta name=\"twitter:label1\" content=\"Est. reading time\" \/>\n\t<meta name=\"twitter:data1\" content=\"5 minutes\" \/>\n<script type=\"application\/ld+json\" class=\"yoast-schema-graph\">{\"@context\":\"https:\/\/schema.org\",\"@graph\":[{\"@type\":\"WebPage\",\"@id\":\"https:\/\/thenotaryglobal.com\/privacy-policy\/\",\"url\":\"https:\/\/thenotaryglobal.com\/privacy-policy\/\",\"name\":\"Privacy Policy - Notary Global\",\"isPartOf\":{\"@id\":\"https:\/\/thenotaryglobal.com\/#website\"},\"datePublished\":\"2025-02-11T13:42:15+00:00\",\"dateModified\":\"2025-05-30T01:31:11+00:00\",\"breadcrumb\":{\"@id\":\"https:\/\/thenotaryglobal.com\/privacy-policy\/#breadcrumb\"},\"inLanguage\":\"en-US\",\"potentialAction\":[{\"@type\":\"ReadAction\",\"target\":[\"https:\/\/thenotaryglobal.com\/privacy-policy\/\"]}]},{\"@type\":\"BreadcrumbList\",\"@id\":\"https:\/\/thenotaryglobal.com\/privacy-policy\/#breadcrumb\",\"itemListElement\":[{\"@type\":\"ListItem\",\"position\":1,\"name\":\"Portada\",\"item\":\"https:\/\/thenotaryglobal.com\/\"},{\"@type\":\"ListItem\",\"position\":2,\"name\":\"Privacy Policy\"}]},{\"@type\":\"WebSite\",\"@id\":\"https:\/\/thenotaryglobal.com\/#website\",\"url\":\"https:\/\/thenotaryglobal.com\/\",\"name\":\"Notary Global\",\"description\":\"Servicios notariales online\",\"publisher\":{\"@id\":\"https:\/\/thenotaryglobal.com\/#organization\"},\"potentialAction\":[{\"@type\":\"SearchAction\",\"target\":{\"@type\":\"EntryPoint\",\"urlTemplate\":\"https:\/\/thenotaryglobal.com\/?s={search_term_string}\"},\"query-input\":{\"@type\":\"PropertyValueSpecification\",\"valueRequired\":true,\"valueName\":\"search_term_string\"}}],\"inLanguage\":\"en-US\"},{\"@type\":\"Organization\",\"@id\":\"https:\/\/thenotaryglobal.com\/#organization\",\"name\":\"Notary Global\",\"url\":\"https:\/\/thenotaryglobal.com\/\",\"logo\":{\"@type\":\"ImageObject\",\"inLanguage\":\"en-US\",\"@id\":\"https:\/\/thenotaryglobal.com\/#\/schema\/logo\/image\/\",\"url\":\"https:\/\/thenotaryglobal.com\/wp-content\/uploads\/2025\/02\/NotarioGlobal-Isotipo-FullColor.png\",\"contentUrl\":\"https:\/\/thenotaryglobal.com\/wp-content\/uploads\/2025\/02\/NotarioGlobal-Isotipo-FullColor.png\",\"width\":142,\"height\":139,\"caption\":\"Notary Global\"},\"image\":{\"@id\":\"https:\/\/thenotaryglobal.com\/#\/schema\/logo\/image\/\"},\"sameAs\":[\"https:\/\/www.facebook.com\/share\/1C5R9kzfnw\/?mibextid=wwXIfr\",\"https:\/\/x.com\/thenotaryglobal\"]}]}<\/script>\n<!-- \/ Yoast SEO plugin. -->","yoast_head_json":{"title":"Privacy Policy - Notary Global","robots":{"index":"index","follow":"follow","max-snippet":"max-snippet:-1","max-image-preview":"max-image-preview:large","max-video-preview":"max-video-preview:-1"},"canonical":"https:\/\/thenotaryglobal.com\/en\/privacy-policy\/","og_locale":"en_US","og_type":"article","og_title":"Privacy Policy - Notary Global","og_description":"POL\u00cdTICAS DE PRIVACIDAD La presente Pol\u00edtica de Privacidad establece los t\u00e9rminos en que Notary Global protege la informaci\u00f3n que es proporcionada por sus usuarios al momento de utilizar su sitio web. Esta Pol\u00edtica de Privacidad se aplica a todas las entidades del grupo Notary Global, (en adelante, \u00abNotary Global\u00ab, \u00abnosotros\u00bb o \u00abnuestra\u00bb). Esta empresa est\u00e1 [&hellip;]","og_url":"https:\/\/thenotaryglobal.com\/en\/privacy-policy\/","og_site_name":"Notary Global","article_publisher":"https:\/\/www.facebook.com\/share\/1C5R9kzfnw\/?mibextid=wwXIfr","article_modified_time":"2025-05-30T01:31:11+00:00","twitter_card":"summary_large_image","twitter_site":"@thenotaryglobal","twitter_misc":{"Est. reading time":"5 minutes"},"schema":{"@context":"https:\/\/schema.org","@graph":[{"@type":"WebPage","@id":"https:\/\/thenotaryglobal.com\/privacy-policy\/","url":"https:\/\/thenotaryglobal.com\/privacy-policy\/","name":"Privacy Policy - Notary Global","isPartOf":{"@id":"https:\/\/thenotaryglobal.com\/#website"},"datePublished":"2025-02-11T13:42:15+00:00","dateModified":"2025-05-30T01:31:11+00:00","breadcrumb":{"@id":"https:\/\/thenotaryglobal.com\/privacy-policy\/#breadcrumb"},"inLanguage":"en-US","potentialAction":[{"@type":"ReadAction","target":["https:\/\/thenotaryglobal.com\/privacy-policy\/"]}]},{"@type":"BreadcrumbList","@id":"https:\/\/thenotaryglobal.com\/privacy-policy\/#breadcrumb","itemListElement":[{"@type":"ListItem","position":1,"name":"Portada","item":"https:\/\/thenotaryglobal.com\/"},{"@type":"ListItem","position":2,"name":"Privacy Policy"}]},{"@type":"WebSite","@id":"https:\/\/thenotaryglobal.com\/#website","url":"https:\/\/thenotaryglobal.com\/","name":"Notary Global","description":"Servicios notariales online","publisher":{"@id":"https:\/\/thenotaryglobal.com\/#organization"},"potentialAction":[{"@type":"SearchAction","target":{"@type":"EntryPoint","urlTemplate":"https:\/\/thenotaryglobal.com\/?s={search_term_string}"},"query-input":{"@type":"PropertyValueSpecification","valueRequired":true,"valueName":"search_term_string"}}],"inLanguage":"en-US"},{"@type":"Organization","@id":"https:\/\/thenotaryglobal.com\/#organization","name":"Notary Global","url":"https:\/\/thenotaryglobal.com\/","logo":{"@type":"ImageObject","inLanguage":"en-US","@id":"https:\/\/thenotaryglobal.com\/#\/schema\/logo\/image\/","url":"https:\/\/thenotaryglobal.com\/wp-content\/uploads\/2025\/02\/NotarioGlobal-Isotipo-FullColor.png","contentUrl":"https:\/\/thenotaryglobal.com\/wp-content\/uploads\/2025\/02\/NotarioGlobal-Isotipo-FullColor.png","width":142,"height":139,"caption":"Notary Global"},"image":{"@id":"https:\/\/thenotaryglobal.com\/#\/schema\/logo\/image\/"},"sameAs":["https:\/\/www.facebook.com\/share\/1C5R9kzfnw\/?mibextid=wwXIfr","https:\/\/x.com\/thenotaryglobal"]}]}},"_links":{"self":[{"href":"https:\/\/thenotaryglobal.com\/en\/wp-json\/wp\/v2\/pages\/3","targetHints":{"allow":["GET"]}}],"collection":[{"href":"https:\/\/thenotaryglobal.com\/en\/wp-json\/wp\/v2\/pages"}],"about":[{"href":"https:\/\/thenotaryglobal.com\/en\/wp-json\/wp\/v2\/types\/page"}],"author":[{"embeddable":true,"href":"https:\/\/thenotaryglobal.com\/en\/wp-json\/wp\/v2\/users\/1"}],"replies":[{"embeddable":true,"href":"https:\/\/thenotaryglobal.com\/en\/wp-json\/wp\/v2\/comments?post=3"}],"version-history":[{"count":9,"href":"https:\/\/thenotaryglobal.com\/en\/wp-json\/wp\/v2\/pages\/3\/revisions"}],"predecessor-version":[{"id":341,"href":"https:\/\/thenotaryglobal.com\/en\/wp-json\/wp\/v2\/pages\/3\/revisions\/341"}],"wp:attachment":[{"href":"https:\/\/thenotaryglobal.com\/en\/wp-json\/wp\/v2\/media?parent=3"}],"curies":[{"name":"wp","href":"https:\/\/api.w.org\/{rel}","templated":true}]}}